{"id":497,"date":"2022-01-31T06:59:08","date_gmt":"2022-01-31T06:59:08","guid":{"rendered":"http:\/\/www.gulsahmutlu.av.tr\/?page_id=497"},"modified":"2022-01-31T06:59:08","modified_gmt":"2022-01-31T06:59:08","slug":"gizlilik-ve-cerez-politikasi","status":"publish","type":"page","link":"https:\/\/www.gulsahmutlu.av.tr\/index.php\/gizlilik-ve-cerez-politikasi\/","title":{"rendered":"Gizlilik ve \u00c7erez Politikas\u0131"},"content":{"rendered":"<p>Size ihtiya\u00e7 duydu\u011funuz servisi sa\u011flayabilmek i\u00e7in ki\u015fisel bilgilerinize sahip olmak Ahmet Mutlu Hukuk B\u00fcrosu ad\u0131na \u00f6nemli ve gereklidir. Yenilik ve kampanyalar\u0131m\u0131z\u0131 size duyurabilmek i\u00e7in de ileti\u015fim bilgilerinizden faydalan\u0131r\u0131z. E\u011fer kampanyalar\u0131m\u0131zdan haberdar olmak istemiyorsan\u0131z bunu bize bildirmeniz yeterlidir. B\u00fclten aboneli\u011finden \u00e7\u0131kmak isterseniz hesab\u0131n\u0131zda bulunan profil bilgileri sayfas\u0131n\u0131 d\u00fczenleyerek \u00e7\u0131kabilirsiniz.<\/p>\n<p>Zaman zaman \u00fcyelerimizi daha iyi tan\u0131mak ve sistemimizi geli\u015ftirmek i\u00e7in size bir tak\u0131m anketler ve sorular y\u00f6neltebiliriz. Kendi iste\u011finiz do\u011frultusunda bize yard\u0131mc\u0131 olabilirsiniz. Bilgilerinizin t\u00fcm\u00fc sizin izninizle al\u0131n\u0131r. Bilgileriniz asla ba\u015fka kurum ve ki\u015filerle payla\u015f\u0131lmaz.<\/p>\n<p>Faturan\u0131z\u0131 kesmek i\u00e7in ihtiya\u00e7 duydu\u011fumuz fatura adresiniz, T.C. kimlik numaran\u0131z, vergi daireniz ve telefon numaran\u0131z gibi ki\u015fisel bilgileriniz hi\u00e7bir ki\u015fi veya kurumla payla\u015f\u0131lmaz.<\/p>\n<p>\u00c7erezler<\/p>\n<p>Ahmet Mutlu Hukuk B\u00fcrosu olarak, web sitemizin kullan\u0131m\u0131n\u0131 kolayla\u015ft\u0131rmak ve sitemizin kullan\u0131m\u0131n\u0131 ki\u015fiselle\u015ftirmek amac\u0131yla \u00e7erezler, piksel etiketleri (&#8220;pikseller&#8221;) ve yerel saklama teknolojileri kullanmaktay\u0131z. Bu sayfan\u0131n, an\u0131lan teknolojilerin ni\u00e7in kullan\u0131ld\u0131klar\u0131n\u0131 ve bunlar\u0131 kontrol etmeyi veya &#8211; tercihiniz bu y\u00f6ndeyse &#8211; silmeyi anlaman\u0131za yard\u0131mc\u0131 olmas\u0131n\u0131 istiyoruz.<\/p>\n<p>\u00c7erez Nedir?<\/p>\n<p>M\u00fc\u015fterilerine web siteleri \u00fczerinden \u00fcr\u00fcn veya hizmet sunan neredeyse b\u00fct\u00fcn firmalar, bu web sitelerinde \u00e7erezler kullanmaktad\u0131rlar. Sizlere daha iyi, h\u0131zl\u0131 ve g\u00fcvenli bir al\u0131\u015fveri\u015f deneyimi ya\u015fatmak ve \u00fcr\u00fcn ve hizmetlerimizi sizlerin talep ve ihtiya\u00e7lar\u0131 do\u011frultusunda geli\u015ftirmek i\u00e7in, biz de \u00e7erezler kullan\u0131yoruz. \u00c7erez, bir web sitesini ziyaret etti\u011finizde cihaz\u0131n\u0131za (\u00f6rne\u011fin; bilgisayar veya cep telefonu) depolanan k\u00fc\u00e7\u00fck bir metin dosyas\u0131d\u0131r. \u00c7erezler, bir web sitesini ilk ziyaretiniz s\u0131ras\u0131nda taray\u0131c\u0131n\u0131z arac\u0131l\u0131\u011f\u0131yla cihaz\u0131n\u0131za depolanabilirler. Ayn\u0131 siteyi ayn\u0131 cihazla tekrar ziyaret etti\u011finizde taray\u0131c\u0131n\u0131z cihaz\u0131n\u0131zda site ad\u0131na kay\u0131tl\u0131 bir \u00e7erez olup olmad\u0131\u011f\u0131n\u0131 kontrol eder. E\u011fer kay\u0131t var ise, kayd\u0131n i\u00e7indeki veriyi ziyaret etmekte oldu\u011funuz web sitesine iletir. Bu sayede web sitesi, sizin siteyi daha \u00f6nce ziyaret etti\u011finizi anlar ve size iletilecek i\u00e7eri\u011fi de ona g\u00f6re tayin eder.<\/p>\n<p>\u00c7erezler Neden Kullan\u0131l\u0131r?<\/p>\n<p>Baz\u0131 \u00e7erezler, daha \u00f6nceki ziyaretlerinizde kulland\u0131\u011f\u0131n\u0131z tercihlerin web sitesi taraf\u0131ndan hat\u0131rlanmas\u0131n\u0131 sa\u011flayarak, sonraki ziyaretlerinizin \u00e7ok daha kullan\u0131c\u0131 dostu ve ki\u015fiselle\u015ftirilmi\u015f bir deneyim sunmas\u0131n\u0131 sa\u011flar.<\/p>\n<p>\u00c7erezleri Kontrol Etme ve Silme<\/p>\n<p>\u00c7erezlerin kullan\u0131m\u0131na ili\u015fkin tercihlerinizi de\u011fi\u015ftirmek ya da \u00e7erezleri engellemek veya silmek i\u00e7in taray\u0131c\u0131n\u0131z\u0131n ayarlar\u0131n\u0131 de\u011fi\u015ftirmeniz yeterlidir. Bir\u00e7ok taray\u0131c\u0131 \u00e7erezleri kontrol edebilmeniz i\u00e7in size \u00e7erezleri kabul etme veya reddetme, yaln\u0131zca belirli t\u00fcrdeki \u00e7erezleri kabul etme ya da bir web sitesi cihaz\u0131n\u0131za \u00e7erez depolamay\u0131 talep etti\u011finde taray\u0131c\u0131 taraf\u0131ndan uyar\u0131lma se\u00e7ene\u011fi sunar. Ayn\u0131 zamanda daha \u00f6nce taray\u0131c\u0131n\u0131za kaydedilmi\u015f \u00e7erezlerin silinmesi de m\u00fcmk\u00fcnd\u00fcr. \u00c7erezleri kontrol edilmesine veya silinmesine ili\u015fkin i\u015flemler kulland\u0131\u011f\u0131n\u0131z taray\u0131c\u0131ya g\u00f6re de\u011fi\u015febilmektedir.<\/p>\n<p>Ahmet Mutlu Hukuk B\u00fcrosu taraf\u0131ndan kullan\u0131lan \u00e7erezler<\/p>\n<p>Web sitemizde kullan\u0131lan hi\u00e7bir \u00e7erez, kimli\u011finizin saptanmas\u0131na yarayacak verileri i\u015flememektedir. A\u015fa\u011f\u0131da web sitemizde kullan\u0131lmakta olan \u00e7erezlere ili\u015fkin bilgilere ula\u015fabilirsiniz:<\/p>\n<p>Google Analytics<\/p>\n<p>T\u00fcm sayfalarda kullan\u0131l\u0131r. Bu \u00e7erez site \u00fczerindeki hareketleri inceleyen \u00e7erezdir. Bu t\u00fcr \u00e7erezler t\u00fcm istatistiksel verilerin toplanmas\u0131n\u0131 bu \u015fekilde sitenin sunumunun ve kullan\u0131m\u0131n\u0131n geli\u015ftirilmesini sa\u011flar. Google, bu istatistiklere toplumsal istatistikler ve ilgilere ili\u015fkin veriler eklemek suretiyle, kullan\u0131c\u0131lar\u0131 daha iyi anlamam\u0131z\u0131 sa\u011flar.<\/p>\n<p>Google D\u00f6n\u00fc\u015f\u00fcm Takibi<\/p>\n<p>T\u00fcm sayfalarda kullan\u0131l\u0131r. Bu \u00e7erez, kullan\u0131c\u0131 Google Ads reklam\u0131na t\u0131klad\u0131ktan sonra \u00e7erezin bulundu\u011fu sayfalara ula\u015f\u0131p ula\u015fmad\u0131\u011f\u0131n\u0131 g\u00f6stermektedir. Kullan\u0131c\u0131lar\u0131n siteyi ne \u015fekilde kulland\u0131klar\u0131 hakk\u0131nda bilgi toplayan \u00e7erezdir. Performans \u00e7erezleri \u00f6zellikle sitenin en fazla kullan\u0131lan alanlar\u0131n\u0131 tan\u0131mlamam\u0131za olanak verir.<\/p>\n<p>Saklama S\u00fcresi<\/p>\n<p>\u00c7erezler, farkl\u0131 s\u00fcreler boyunca saklanmaktad\u0131r:<\/p>\n<p>Oturum \u00c7erezleri: Oturum \u00e7erezleri sadece web sitemize yapt\u0131\u011f\u0131n\u0131z ziyaret s\u00fcresince saklan\u0131r, dolay\u0131s\u0131yla web sitemizden birine veya bir taray\u0131c\u0131 oturumuna yapt\u0131\u011f\u0131n\u0131z mevcut ziyaretiniz s\u00fcresince \u00e7erez kullan\u0131l\u0131r.<\/p>\n<p>Kal\u0131c\u0131 \u00c7erezler: Kal\u0131c\u0131 \u00e7erezler, bilgisayar\u0131n\u0131z\u0131n veya mobil cihaz\u0131n\u0131z\u0131n sabit diskinde, web sitemize yapt\u0131\u011f\u0131m\u0131z ziyaretlerin veya bir taray\u0131c\u0131 oturumunun \u00f6tesinde saklan\u0131r. Web sitemizi bir sonraki ziyaretinizde sizi tan\u0131mam\u0131za ve web sitemizi kullanman\u0131z\u0131n kolayla\u015ft\u0131r\u0131lmas\u0131 m\u00fcmk\u00fcn k\u0131l\u0131n\u0131r.<\/p>\n","protected":false},"excerpt":{"rendered":"<p>Size ihtiya\u00e7 duydu\u011funuz servisi sa\u011flayabilmek i\u00e7in ki\u015fisel bilgilerinize sahip olmak Ahmet Mutlu Hukuk B\u00fcrosu ad\u0131na \u00f6nemli ve gereklidir. Yenilik ve kampanyalar\u0131m\u0131z\u0131 size duyurabilmek i\u00e7in de ileti\u015fim bilgilerinizden faydalan\u0131r\u0131z. E\u011fer kampanyalar\u0131m\u0131zdan haberdar olmak istemiyorsan\u0131z bunu bize bildirmeniz yeterlidir. B\u00fclten aboneli\u011finden \u00e7\u0131kmak isterseniz hesab\u0131n\u0131zda bulunan profil bilgileri sayfas\u0131n\u0131 d\u00fczenleyerek \u00e7\u0131kabilirsiniz. Zaman zaman \u00fcyelerimizi daha iyi tan\u0131mak ve [&hellip;]<\/p>\n","protected":false},"author":1,"featured_media":0,"parent":0,"menu_order":0,"comment_status":"closed","ping_status":"closed","template":"","meta":{"footnotes":""},"class_list":["post-497","page","type-page","status-publish","hentry"],"_links":{"self":[{"href":"https:\/\/www.gulsahmutlu.av.tr\/index.php\/wp-json\/wp\/v2\/pages\/497","targetHints":{"allow":["GET"]}}],"collection":[{"href":"https:\/\/www.gulsahmutlu.av.tr\/index.php\/wp-json\/wp\/v2\/pages"}],"about":[{"href":"https:\/\/www.gulsahmutlu.av.tr\/index.php\/wp-json\/wp\/v2\/types\/page"}],"author":[{"embeddable":true,"href":"https:\/\/www.gulsahmutlu.av.tr\/index.php\/wp-json\/wp\/v2\/users\/1"}],"replies":[{"embeddable":true,"href":"https:\/\/www.gulsahmutlu.av.tr\/index.php\/wp-json\/wp\/v2\/comments?post=497"}],"version-history":[{"count":1,"href":"https:\/\/www.gulsahmutlu.av.tr\/index.php\/wp-json\/wp\/v2\/pages\/497\/revisions"}],"predecessor-version":[{"id":498,"href":"https:\/\/www.gulsahmutlu.av.tr\/index.php\/wp-json\/wp\/v2\/pages\/497\/revisions\/498"}],"wp:attachment":[{"href":"https:\/\/www.gulsahmutlu.av.tr\/index.php\/wp-json\/wp\/v2\/media?parent=497"}],"curies":[{"name":"wp","href":"https:\/\/api.w.org\/{rel}","templated":true}]}}