{"id":197,"date":"2017-02-15T09:47:12","date_gmt":"2017-02-15T09:47:12","guid":{"rendered":"http:\/\/ahmetgokhanmutlu.av.tr\/?page_id=5"},"modified":"2022-04-22T11:22:05","modified_gmt":"2022-04-22T11:22:05","slug":"ankara-bosanma-avukati-icra-avukati-avukat-ahmet-gokhan-mutlu","status":"publish","type":"page","link":"https:\/\/www.gulsahmutlu.av.tr\/index.php\/ankara-bosanma-avukati-icra-avukati-avukat-ahmet-gokhan-mutlu\/","title":{"rendered":"UZMAN ARABULUCU AVUKAT AHMET G\u00d6KHAN MUTLU"},"content":{"rendered":"<section class=\"wpb-content-wrapper\"><p>[vc_row][vc_column][vc_column_text]<img loading=\"lazy\" decoding=\"async\" class=\"alignright size-full wp-image-31\" src=\"http:\/\/www.gulsahmutlu.av.tr\/wp-content\/uploads\/2022\/04\/gokhanmutlu.jpg\" alt=\"\" width=\"128\" height=\"169\" \/><\/p>\n<p align=\"left\"><b>Ankara Barosu: 19638<\/b><\/p>\n<p align=\"left\"><b>E\u011fitim<\/b>: \u00c7ankaya \u00dcniversitesi Hukuk Fak\u00fcltesi 2006 mezunu&#8217;dur.<\/p>\n<p align=\"left\"><b>Sertifika<\/b>: Ceza Hukuku, Kamu \u0130hale Hukuku, Enerji Hukuku, Rekabet Hukuku, Bili\u015fim Hukuku, Sa\u011fl\u0131k Hukuku, T\u00fcketici Hukuku, Fikri M\u00fclkiyet Hukuku, Arabuluculuk E\u011fitimi ve Hukuksal Koruma Sigortas\u0131 Semineri E\u011fitimi alanlar\u0131nda.<!--more--><\/p>\n<p align=\"left\"><b>\u00dcyelik<\/b>: Ankara Barosu Bili\u015fim Kurulu, Fikri M\u00fclkiyet ve Rekabet Kurulu, Parlemento ile \u0130li\u015fkiler Kurulu, Sa\u011fl\u0131k Hukuku Kurulu, Alternatif Uyu\u015fmazl\u0131k \u00c7\u00f6z\u00fcm Merkezi, CMK Merkezi ve Avukat Haklar\u0131 Merkezi&#8217;nin \u00fcyesidir.<\/p>\n<p align=\"left\">Ceza Uzla\u015ft\u0131rmac\u0131 Avukat\u0131 olup, Adalet Bakanl\u0131\u011f\u0131 Arabuluculuk Daire Ba\u015fkanl\u0131\u011f\u0131 Arabulucular Siciline kay\u0131tl\u0131 Arabulucu\u2019dur.<\/p>\n<p align=\"left\">T\u00fcrk Patent Enstit\u00fcs\u00fc siciline kay\u0131tl\u0131 Marka Vekilli\u011fi de mevcuttur.<\/p>\n<p align=\"left\">\u00c7al\u0131\u015fma ve Sosyal G\u00fcvenlik Bakanl\u0131\u011f\u0131 \u0130\u015f Sa\u011fl\u0131\u011f\u0131 ve G\u00fcvenli\u011fi Hizmetleri\u2019nin Y\u00fcr\u00fct\u00fcm\u00fcne ili\u015fkin \u0130\u015fveren veya \u0130\u015fveren Vekili E\u011fitimi tamamlama belgesine sahip olup, \u0130\u015f Sa\u011fl\u0131\u011f\u0131 ve G\u00fcvenli\u011fi Uzman\u0131d\u0131r.<\/p>\n<p align=\"left\">Konkordato Komiserli\u011fi ve Alacakl\u0131lar Kuruluna Dair Y\u00f6netmeli\u011fin 10. maddesinin 7. f\u0131kras\u0131 gere\u011fince Konkordato Komiserli\u011fi temel e\u011fitimini alm\u0131\u015f olup, Konkordato Komiserli\u011fi g\u00f6revinde bulunmaktad\u0131r.<\/p>\n<p align=\"left\"><b>Yabanc\u0131 dili<\/b>: \u0130ngilizce<\/p>\n<p>[\/vc_column_text][\/vc_column][\/vc_row]<\/p>\n<\/section>","protected":false},"excerpt":{"rendered":"<p>[vc_row][vc_column][vc_column_text] Ankara Barosu: 19638 E\u011fitim: \u00c7ankaya \u00dcniversitesi Hukuk Fak\u00fcltesi 2006 mezunu&#8217;dur. Sertifika: Ceza Hukuku, Kamu \u0130hale Hukuku, Enerji Hukuku, Rekabet Hukuku, Bili\u015fim Hukuku, Sa\u011fl\u0131k Hukuku, T\u00fcketici Hukuku, Fikri M\u00fclkiyet Hukuku, Arabuluculuk E\u011fitimi ve Hukuksal Koruma Sigortas\u0131 Semineri E\u011fitimi alanlar\u0131nda.<\/p>\n","protected":false},"author":1,"featured_media":0,"parent":0,"menu_order":0,"comment_status":"closed","ping_status":"closed","template":"","meta":{"footnotes":""},"class_list":["post-197","page","type-page","status-publish","hentry"],"_links":{"self":[{"href":"https:\/\/www.gulsahmutlu.av.tr\/index.php\/wp-json\/wp\/v2\/pages\/197","targetHints":{"allow":["GET"]}}],"collection":[{"href":"https:\/\/www.gulsahmutlu.av.tr\/index.php\/wp-json\/wp\/v2\/pages"}],"about":[{"href":"https:\/\/www.gulsahmutlu.av.tr\/index.php\/wp-json\/wp\/v2\/types\/page"}],"author":[{"embeddable":true,"href":"https:\/\/www.gulsahmutlu.av.tr\/index.php\/wp-json\/wp\/v2\/users\/1"}],"replies":[{"embeddable":true,"href":"https:\/\/www.gulsahmutlu.av.tr\/index.php\/wp-json\/wp\/v2\/comments?post=197"}],"version-history":[{"count":9,"href":"https:\/\/www.gulsahmutlu.av.tr\/index.php\/wp-json\/wp\/v2\/pages\/197\/revisions"}],"predecessor-version":[{"id":536,"href":"https:\/\/www.gulsahmutlu.av.tr\/index.php\/wp-json\/wp\/v2\/pages\/197\/revisions\/536"}],"wp:attachment":[{"href":"https:\/\/www.gulsahmutlu.av.tr\/index.php\/wp-json\/wp\/v2\/media?parent=197"}],"curies":[{"name":"wp","href":"https:\/\/api.w.org\/{rel}","templated":true}]}}