{"id":158,"date":"2018-09-12T09:51:31","date_gmt":"2018-09-12T09:51:31","guid":{"rendered":"http:\/\/www.gulsahmutlu.av.tr\/?page_id=158"},"modified":"2022-03-04T15:20:28","modified_gmt":"2022-03-04T15:20:28","slug":"icra-hukuku-ankara-bosanma-avukati-icra-avukati","status":"publish","type":"page","link":"https:\/\/www.gulsahmutlu.av.tr\/index.php\/icra-hukuku-ankara-bosanma-avukati-icra-avukati\/","title":{"rendered":"\u0130CRA HUKUKU"},"content":{"rendered":"<p>\t\t\t\tAhmet Mutlu Hukuk B\u00fcrosu \u00ae, \u015fah\u0131s ve \u015firketlerin tahsil edilememi\u015f alacaklar\u0131n\u0131, icra kanal\u0131 ile tahsili ve bu y\u00f6nde al\u0131nan mahkeme kararlar\u0131n\u0131n icras\u0131 alan\u0131nda uzman ve profesyonel ekibi taraf\u0131ndan yerine getirilmektedir. Hukuki hizmetlerimiz \u015f\u00f6yledir;<\/p>\n<ul>\n<li>\u0130cra takibi haz\u0131rlanmas\u0131, takibi (ilaml\u0131, ilams\u0131z, kambiyo takibi)<\/li>\n<li>\u0130htiyati haciz, ihtiyati tedbir, menfi tespit davas\u0131, istirdat davalar\u0131,<\/li>\n<li>Haciz i\u015flemlerinin yap\u0131lmas\u0131,<\/li>\n<li>\u015eah\u0131s ve \u015firketlere her t\u00fcrl\u00fc hukuki dan\u0131\u015fmanl\u0131k ve hizmeti.<\/li>\n<\/ul>\n","protected":false},"excerpt":{"rendered":"<p>Ahmet Mutlu Hukuk B\u00fcrosu \u00ae, \u015fah\u0131s ve \u015firketlerin tahsil edilememi\u015f alacaklar\u0131n\u0131, icra kanal\u0131 ile tahsili ve bu y\u00f6nde al\u0131nan mahkeme kararlar\u0131n\u0131n icras\u0131 alan\u0131nda uzman ve profesyonel ekibi taraf\u0131ndan yerine getirilmektedir. Hukuki hizmetlerimiz \u015f\u00f6yledir; \u0130cra takibi haz\u0131rlanmas\u0131, takibi (ilaml\u0131, ilams\u0131z, kambiyo takibi) \u0130htiyati haciz, ihtiyati tedbir, menfi tespit davas\u0131, istirdat davalar\u0131, Haciz i\u015flemlerinin yap\u0131lmas\u0131, \u015eah\u0131s ve [&hellip;]<\/p>\n","protected":false},"author":1,"featured_media":0,"parent":0,"menu_order":0,"comment_status":"closed","ping_status":"closed","template":"","meta":{"footnotes":""},"class_list":["post-158","page","type-page","status-publish","hentry"],"_links":{"self":[{"href":"https:\/\/www.gulsahmutlu.av.tr\/index.php\/wp-json\/wp\/v2\/pages\/158","targetHints":{"allow":["GET"]}}],"collection":[{"href":"https:\/\/www.gulsahmutlu.av.tr\/index.php\/wp-json\/wp\/v2\/pages"}],"about":[{"href":"https:\/\/www.gulsahmutlu.av.tr\/index.php\/wp-json\/wp\/v2\/types\/page"}],"author":[{"embeddable":true,"href":"https:\/\/www.gulsahmutlu.av.tr\/index.php\/wp-json\/wp\/v2\/users\/1"}],"replies":[{"embeddable":true,"href":"https:\/\/www.gulsahmutlu.av.tr\/index.php\/wp-json\/wp\/v2\/comments?post=158"}],"version-history":[{"count":1,"href":"https:\/\/www.gulsahmutlu.av.tr\/index.php\/wp-json\/wp\/v2\/pages\/158\/revisions"}],"predecessor-version":[{"id":521,"href":"https:\/\/www.gulsahmutlu.av.tr\/index.php\/wp-json\/wp\/v2\/pages\/158\/revisions\/521"}],"wp:attachment":[{"href":"https:\/\/www.gulsahmutlu.av.tr\/index.php\/wp-json\/wp\/v2\/media?parent=158"}],"curies":[{"name":"wp","href":"https:\/\/api.w.org\/{rel}","templated":true}]}}