{"id":156,"date":"2018-09-12T09:48:20","date_gmt":"2018-09-12T09:48:20","guid":{"rendered":"http:\/\/www.gulsahmutlu.av.tr\/?page_id=156"},"modified":"2022-03-04T15:20:20","modified_gmt":"2022-03-04T15:20:20","slug":"idare-ve-vergi-hukuku-ankara-bosanma-avukati-icra-avukati","status":"publish","type":"page","link":"https:\/\/www.gulsahmutlu.av.tr\/index.php\/idare-ve-vergi-hukuku-ankara-bosanma-avukati-icra-avukati\/","title":{"rendered":"\u0130DARE VE VERG\u0130 HUKUKU"},"content":{"rendered":"<p>\t\t\t\tAhmet Mutlu Hukuk B\u00fcrosu \u00ae, M\u00fcvekkillerine idarelerle aras\u0131nda ya\u015fanan uyu\u015fmazl\u0131klar\u0131n \u00e7\u00f6z\u00fcm\u00fc, Vergi ve \u0130dare Mahkemelerinde davalar\u0131n takibi konusunda Avukatl\u0131k hizmeti sunmaktad\u0131r. Sunulan hizmetlerimiz \u015f\u00f6yledir;<\/p>\n<ul>\n<li>\u0130dari mercilerine yap\u0131lan idari ba\u015fvurular,<\/li>\n<li>\u0130ptal ve tam yarg\u0131 davalar\u0131nda Vekillik g\u00f6revi,<\/li>\n<li>Vergi Mahkemelerinde g\u00f6r\u00fclen davalarda Vekillik g\u00f6revi.<\/li>\n<\/ul>\n","protected":false},"excerpt":{"rendered":"<p>Ahmet Mutlu Hukuk B\u00fcrosu \u00ae, M\u00fcvekkillerine idarelerle aras\u0131nda ya\u015fanan uyu\u015fmazl\u0131klar\u0131n \u00e7\u00f6z\u00fcm\u00fc, Vergi ve \u0130dare Mahkemelerinde davalar\u0131n takibi konusunda Avukatl\u0131k hizmeti sunmaktad\u0131r. Sunulan hizmetlerimiz \u015f\u00f6yledir; \u0130dari mercilerine yap\u0131lan idari ba\u015fvurular, \u0130ptal ve tam yarg\u0131 davalar\u0131nda Vekillik g\u00f6revi, Vergi Mahkemelerinde g\u00f6r\u00fclen davalarda Vekillik g\u00f6revi.<\/p>\n","protected":false},"author":1,"featured_media":0,"parent":0,"menu_order":0,"comment_status":"closed","ping_status":"closed","template":"","meta":{"footnotes":""},"class_list":["post-156","page","type-page","status-publish","hentry"],"_links":{"self":[{"href":"https:\/\/www.gulsahmutlu.av.tr\/index.php\/wp-json\/wp\/v2\/pages\/156","targetHints":{"allow":["GET"]}}],"collection":[{"href":"https:\/\/www.gulsahmutlu.av.tr\/index.php\/wp-json\/wp\/v2\/pages"}],"about":[{"href":"https:\/\/www.gulsahmutlu.av.tr\/index.php\/wp-json\/wp\/v2\/types\/page"}],"author":[{"embeddable":true,"href":"https:\/\/www.gulsahmutlu.av.tr\/index.php\/wp-json\/wp\/v2\/users\/1"}],"replies":[{"embeddable":true,"href":"https:\/\/www.gulsahmutlu.av.tr\/index.php\/wp-json\/wp\/v2\/comments?post=156"}],"version-history":[{"count":1,"href":"https:\/\/www.gulsahmutlu.av.tr\/index.php\/wp-json\/wp\/v2\/pages\/156\/revisions"}],"predecessor-version":[{"id":520,"href":"https:\/\/www.gulsahmutlu.av.tr\/index.php\/wp-json\/wp\/v2\/pages\/156\/revisions\/520"}],"wp:attachment":[{"href":"https:\/\/www.gulsahmutlu.av.tr\/index.php\/wp-json\/wp\/v2\/media?parent=156"}],"curies":[{"name":"wp","href":"https:\/\/api.w.org\/{rel}","templated":true}]}}