{"id":150,"date":"2018-09-12T09:34:29","date_gmt":"2018-09-12T06:34:29","guid":{"rendered":"http:\/\/www.gulsahmutlu.av.tr\/?page_id=150"},"modified":"2018-09-12T09:34:29","modified_gmt":"2018-09-12T06:34:29","slug":"basin-hukuku-izmir-agir-ceza-avukati","status":"publish","type":"page","link":"https:\/\/www.gulsahmutlu.av.tr\/index.php\/basin-hukuku-izmir-agir-ceza-avukati\/","title":{"rendered":"BASIN HUKUKU"},"content":{"rendered":"<p>\t\t\t\tAhmet Mutlu Hukuk B\u00fcrosu \u00ae M\u00fcvekkilleri hakk\u0131nda yaz\u0131l\u0131 ve g\u00f6rsel bas\u0131nda \u00e7\u0131kan haberleri takip ederek uyu\u015fmazl\u0131klar\u0131, Cumhuriyet Savc\u0131l\u0131\u011f\u0131 ve Mahkemeler nezdinde \u00e7\u00f6zme d\u00fc\u015f\u00fcncesiyle \u00e7al\u0131\u015fmaktad\u0131r. Konusunda uzman ve ba\u015far\u0131l\u0131 kadromuz taraf\u0131ndan sunulan faaliyet alanlar\u0131m\u0131z \u015f\u00f6yledir:<\/p>\n<ul>\n<li>Yaz\u0131l\u0131 g\u00f6rsel yay\u0131nlar sebebiyle yap\u0131lan su\u00e7 duyurular\u0131nda \u015e\u00fcpheli\/San\u0131k M\u00fcdafili\u011fi, M\u00fc\u015fteki\/Kat\u0131lan Vekilli\u011fi,<\/li>\n<li>\u00d6zel TV kurulu\u015flar\u0131 hakk\u0131nda RT\u00dcK ve di\u011fer idari merciler nezdinde hukuki prosed\u00fcrlerinin y\u00fcr\u00fct\u00fclmesi,<\/li>\n<li>Yaz\u0131l\u0131\/g\u00f6rsel yay\u0131nlar sebebiyle a\u00e7\u0131lacak maddi ve manevi tazminat davalar\u0131nda Vekillik g\u00f6revi.<\/li>\n<\/ul>\n","protected":false},"excerpt":{"rendered":"<p>Ahmet Mutlu Hukuk B\u00fcrosu \u00ae M\u00fcvekkilleri hakk\u0131nda yaz\u0131l\u0131 ve g\u00f6rsel bas\u0131nda \u00e7\u0131kan haberleri takip ederek uyu\u015fmazl\u0131klar\u0131, Cumhuriyet Savc\u0131l\u0131\u011f\u0131 ve Mahkemeler nezdinde \u00e7\u00f6zme d\u00fc\u015f\u00fcncesiyle \u00e7al\u0131\u015fmaktad\u0131r. Konusunda uzman ve ba\u015far\u0131l\u0131 kadromuz taraf\u0131ndan sunulan faaliyet alanlar\u0131m\u0131z \u015f\u00f6yledir: Yaz\u0131l\u0131 g\u00f6rsel yay\u0131nlar sebebiyle yap\u0131lan su\u00e7 duyurular\u0131nda \u015e\u00fcpheli\/San\u0131k M\u00fcdafili\u011fi, M\u00fc\u015fteki\/Kat\u0131lan Vekilli\u011fi, \u00d6zel TV kurulu\u015flar\u0131 hakk\u0131nda RT\u00dcK ve di\u011fer idari merciler nezdinde [&hellip;]<\/p>\n","protected":false},"author":1,"featured_media":0,"parent":0,"menu_order":0,"comment_status":"closed","ping_status":"closed","template":"","meta":{"footnotes":""},"class_list":["post-150","page","type-page","status-publish","hentry"],"_links":{"self":[{"href":"https:\/\/www.gulsahmutlu.av.tr\/index.php\/wp-json\/wp\/v2\/pages\/150","targetHints":{"allow":["GET"]}}],"collection":[{"href":"https:\/\/www.gulsahmutlu.av.tr\/index.php\/wp-json\/wp\/v2\/pages"}],"about":[{"href":"https:\/\/www.gulsahmutlu.av.tr\/index.php\/wp-json\/wp\/v2\/types\/page"}],"author":[{"embeddable":true,"href":"https:\/\/www.gulsahmutlu.av.tr\/index.php\/wp-json\/wp\/v2\/users\/1"}],"replies":[{"embeddable":true,"href":"https:\/\/www.gulsahmutlu.av.tr\/index.php\/wp-json\/wp\/v2\/comments?post=150"}],"version-history":[{"count":0,"href":"https:\/\/www.gulsahmutlu.av.tr\/index.php\/wp-json\/wp\/v2\/pages\/150\/revisions"}],"wp:attachment":[{"href":"https:\/\/www.gulsahmutlu.av.tr\/index.php\/wp-json\/wp\/v2\/media?parent=150"}],"curies":[{"name":"wp","href":"https:\/\/api.w.org\/{rel}","templated":true}]}}