{"id":138,"date":"2018-09-12T09:13:05","date_gmt":"2018-09-12T09:13:05","guid":{"rendered":"http:\/\/www.gulsahmutlu.av.tr\/?page_id=138"},"modified":"2024-05-16T07:48:04","modified_gmt":"2024-05-16T07:48:04","slug":"is-hukuku-is-sagligli-guvenligi-ankara-bosanma-avukati-icra-avukati","status":"publish","type":"page","link":"https:\/\/www.gulsahmutlu.av.tr\/index.php\/is-hukuku-is-sagligli-guvenligi-ankara-bosanma-avukati-icra-avukati\/","title":{"rendered":"\u0130\u015e HUKUKU &#038; \u0130\u015e SA\u011eLI\u011eI-G\u00dcVENL\u0130\u011e\u0130"},"content":{"rendered":"<p>\u0130\u015fveren-i\u015f\u00e7i aras\u0131nda vuku bulan uyu\u015fmazl\u0131klar\u0131n 1 Ocak 2018 tarihinden itibaren dava \u015fart\u0131 arabuluculuk kapsam\u0131nda arabuluculuk hizmetlerinin s\u00fcrd\u00fcr\u00fclmesi, sonu\u00e7land\u0131r\u0131lmas\u0131 anlam\u0131nda hukuki destek sa\u011flamaktad\u0131r. Ba\u015fl\u0131ca sunulan faaliyet alanlar\u0131m\u0131z \u015f\u00f6yledir;<\/p>\n<ul>\n<li>Ki\u015filerin ve \u015eirketler&#8217;in her t\u00fcrl\u00fc ihtilaflar\u0131n\u0131n dava veya sulh yoluyla arabuluculuk\u00a0 yoluyla \u00e7\u00f6z\u00fcmlenmesi,<\/li>\n<li>Az tehlikeli i\u015f yerlerinin denetimine ili\u015fkin denetim. E\u011fitim ve rapor tanzimi,<\/li>\n<li>\u0130\u015f\u00e7ilerin t\u00fcm i\u015f\u00e7ilik alacaklar\u0131na ili\u015fkin icra ve dava takibi,<\/li>\n<li>\u0130\u015f kazas\u0131 ve meslek hastal\u0131klar\u0131 sonucu zararlar\u0131n tazminine ili\u015fkin dava takibi.<\/li>\n<\/ul>\n","protected":false},"excerpt":{"rendered":"<p>\u0130\u015fveren-i\u015f\u00e7i aras\u0131nda vuku bulan uyu\u015fmazl\u0131klar\u0131n 1 Ocak 2018 tarihinden itibaren dava \u015fart\u0131 arabuluculuk kapsam\u0131nda arabuluculuk hizmetlerinin s\u00fcrd\u00fcr\u00fclmesi, sonu\u00e7land\u0131r\u0131lmas\u0131 anlam\u0131nda hukuki destek sa\u011flamaktad\u0131r. Ba\u015fl\u0131ca sunulan faaliyet alanlar\u0131m\u0131z \u015f\u00f6yledir; Ki\u015filerin ve \u015eirketler&#8217;in her t\u00fcrl\u00fc ihtilaflar\u0131n\u0131n dava veya sulh yoluyla arabuluculuk\u00a0 yoluyla \u00e7\u00f6z\u00fcmlenmesi, Az tehlikeli i\u015f yerlerinin denetimine ili\u015fkin denetim. E\u011fitim ve rapor tanzimi, \u0130\u015f\u00e7ilerin t\u00fcm i\u015f\u00e7ilik alacaklar\u0131na [&hellip;]<\/p>\n","protected":false},"author":1,"featured_media":0,"parent":0,"menu_order":0,"comment_status":"closed","ping_status":"closed","template":"","meta":{"footnotes":""},"class_list":["post-138","page","type-page","status-publish","hentry"],"_links":{"self":[{"href":"https:\/\/www.gulsahmutlu.av.tr\/index.php\/wp-json\/wp\/v2\/pages\/138","targetHints":{"allow":["GET"]}}],"collection":[{"href":"https:\/\/www.gulsahmutlu.av.tr\/index.php\/wp-json\/wp\/v2\/pages"}],"about":[{"href":"https:\/\/www.gulsahmutlu.av.tr\/index.php\/wp-json\/wp\/v2\/types\/page"}],"author":[{"embeddable":true,"href":"https:\/\/www.gulsahmutlu.av.tr\/index.php\/wp-json\/wp\/v2\/users\/1"}],"replies":[{"embeddable":true,"href":"https:\/\/www.gulsahmutlu.av.tr\/index.php\/wp-json\/wp\/v2\/comments?post=138"}],"version-history":[{"count":3,"href":"https:\/\/www.gulsahmutlu.av.tr\/index.php\/wp-json\/wp\/v2\/pages\/138\/revisions"}],"predecessor-version":[{"id":632,"href":"https:\/\/www.gulsahmutlu.av.tr\/index.php\/wp-json\/wp\/v2\/pages\/138\/revisions\/632"}],"wp:attachment":[{"href":"https:\/\/www.gulsahmutlu.av.tr\/index.php\/wp-json\/wp\/v2\/media?parent=138"}],"curies":[{"name":"wp","href":"https:\/\/api.w.org\/{rel}","templated":true}]}}